{"id":5460,"date":"2017-02-24T16:37:59","date_gmt":"2017-02-24T15:37:59","guid":{"rendered":"https:\/\/evard.fanyfabryk.ch\/die-firma\/"},"modified":"2023-08-01T08:07:57","modified_gmt":"2023-08-01T06:07:57","slug":"die-firma","status":"publish","type":"page","link":"https:\/\/evard-precision.ch\/de\/die-firma\/","title":{"rendered":"Die Firma"},"content":{"rendered":"<p>[et_pb_section fb_built=&#8220;1&#8243; fullwidth=&#8220;on&#8220; admin_label=&#8220;section&#8220; _builder_version=&#8220;4.16&#8243; background_color=&#8220;#000000&#8243; custom_padding=&#8220;0px|0px|0px|0px&#8220; transparent_background=&#8220;off&#8220; global_colors_info=&#8220;{}&#8220;][et_pb_fullwidth_slider show_pagination=&#8220;off&#8220; admin_label=&#8220;Fullwidth Slider&#8220; _builder_version=&#8220;4.16&#8243; header_font_size=&#8220;43px&#8220; header_letter_spacing=&#8220;4px&#8220; header_line_height=&#8220;2.3em&#8220; body_line_height=&#8220;1.8em&#8220; custom_button=&#8220;on&#8220; button_text_size=&#8220;16px&#8220; button_bg_color=&#8220;rgba(0,3,30,0.4)&#8220; button_border_width=&#8220;1px&#8220; custom_padding=&#8220;250px||50px|&#8220; custom_padding_tablet=&#8220;|||&#8220; custom_padding_phone=&#8220;|||&#8220; box_shadow_style=&#8220;preset6&#8243; box_shadow_blur=&#8220;10px&#8220; box_shadow_color=&#8220;rgba(0,0,0,0.1)&#8220; button_letter_spacing_hover=&#8220;0&#8243; top_padding=&#8220;250px&#8220; bottom_padding=&#8220;50px&#8220; remove_inner_shadow=&#8220;off&#8220; hide_content_on_mobile=&#8220;off&#8220; hide_cta_on_mobile=&#8220;off&#8220; show_inner_shadow=&#8220;on&#8220; global_colors_info=&#8220;{}&#8220; button_text_size__hover_enabled=&#8220;off&#8220; button_one_text_size__hover_enabled=&#8220;off&#8220; button_two_text_size__hover_enabled=&#8220;off&#8220; button_text_color__hover_enabled=&#8220;off&#8220; button_one_text_color__hover_enabled=&#8220;off&#8220; button_two_text_color__hover_enabled=&#8220;off&#8220; button_border_width__hover_enabled=&#8220;off&#8220; button_one_border_width__hover_enabled=&#8220;off&#8220; button_two_border_width__hover_enabled=&#8220;off&#8220; button_border_color__hover_enabled=&#8220;off&#8220; button_one_border_color__hover_enabled=&#8220;off&#8220; button_two_border_color__hover_enabled=&#8220;off&#8220; button_border_radius__hover_enabled=&#8220;off&#8220; button_one_border_radius__hover_enabled=&#8220;off&#8220; button_two_border_radius__hover_enabled=&#8220;off&#8220; button_letter_spacing__hover_enabled=&#8220;on&#8220; button_letter_spacing__hover=&#8220;0&#8243; button_one_letter_spacing__hover_enabled=&#8220;off&#8220; button_two_letter_spacing__hover_enabled=&#8220;off&#8220; button_bg_color__hover_enabled=&#8220;off&#8220; button_one_bg_color__hover_enabled=&#8220;off&#8220; button_two_bg_color__hover_enabled=&#8220;off&#8220;][et_pb_slide use_bg_overlay=&#8220;off&#8220; use_text_overlay=&#8220;off&#8220; _builder_version=&#8220;4.16&#8243; header_font=&#8220;||||&#8220; header_line_height=&#8220;2.3em&#8220; body_font=&#8220;||||&#8220; body_font_size=&#8220;18&#8243; body_line_height=&#8220;1.8em&#8220; background_color=&#8220;#ffffff&#8220; background_image=&#8220;https:\/\/evard-precision.ch\/wp-content\/uploads\/2022\/01\/Caisse-vintage2.jpg&#8220; background_enable_image=&#8220;on&#8220; background_position=&#8220;bottom_center&#8220; button_icon_placement=&#8220;right&#8220; button_on_hover=&#8220;on&#8220; body_font_size_tablet=&#8220;20&#8243; body_font_size_phone=&#8220;20&#8243; global_colors_info=&#8220;{}&#8220; button_text_size__hover_enabled=&#8220;off&#8220; button_one_text_size__hover_enabled=&#8220;off&#8220; button_two_text_size__hover_enabled=&#8220;off&#8220; button_text_color__hover_enabled=&#8220;off&#8220; button_one_text_color__hover_enabled=&#8220;off&#8220; button_two_text_color__hover_enabled=&#8220;off&#8220; button_border_width__hover_enabled=&#8220;off&#8220; button_one_border_width__hover_enabled=&#8220;off&#8220; button_two_border_width__hover_enabled=&#8220;off&#8220; button_border_color__hover_enabled=&#8220;off&#8220; button_one_border_color__hover_enabled=&#8220;off&#8220; button_two_border_color__hover_enabled=&#8220;off&#8220; button_border_radius__hover_enabled=&#8220;off&#8220; button_one_border_radius__hover_enabled=&#8220;off&#8220; button_two_border_radius__hover_enabled=&#8220;off&#8220; button_letter_spacing__hover_enabled=&#8220;off&#8220; button_one_letter_spacing__hover_enabled=&#8220;off&#8220; button_two_letter_spacing__hover_enabled=&#8220;off&#8220; button_bg_color__hover_enabled=&#8220;off&#8220; button_one_bg_color__hover_enabled=&#8220;off&#8220; button_two_bg_color__hover_enabled=&#8220;off&#8220; sticky_transition=&#8220;on&#8220;][\/et_pb_slide][\/et_pb_fullwidth_slider][\/et_pb_section][et_pb_section fb_built=&#8220;1&#8243; module_id=&#8220;firma&#8220; _builder_version=&#8220;4.16&#8243; global_colors_info=&#8220;{}&#8220;][et_pb_row _builder_version=&#8220;4.16&#8243; background_size=&#8220;initial&#8220; background_position=&#8220;top_left&#8220; background_repeat=&#8220;repeat&#8220; custom_padding=&#8220;27px|0px|27px|0px|false|false&#8220; global_colors_info=&#8220;{}&#8220;][et_pb_column type=&#8220;4_4&#8243; _builder_version=&#8220;4.16&#8243; custom_padding=&#8220;|||&#8220; global_colors_info=&#8220;{}&#8220; custom_padding__hover=&#8220;|||&#8220;][et_pb_text _builder_version=&#8220;4.16&#8243; global_colors_info=&#8220;{}&#8220;]<\/p>\n<p><span style=\"font-size: large;\">DIE FIRMA<\/span><\/p>\n<blockquote>\n<p><strong><span style=\"font-size: 10.0pt; font-family: 'OpenSans',sans-serif;\">Evard Pr\u00e9cision SA wurde 1963 gegr\u00fcndet und ist ein Familienunternehmen, welches sich seit drei Generationen auf Pr\u00e4zisionsspannl\u00f6sungen f\u00fcr die Werkzeugmaschinenindustrie und die Robotisierung spezialisiert hat. <\/span><\/strong><\/p>\n<\/p>\n<p><span style=\"font-size: 10.0pt; font-family: 'OpenSans',sans-serif;\"><strong>Die breite Palette an Spannprodukten, die Flexibilit\u00e4t und die Erfahrung erm\u00f6glichen es uns, Standard- oder spezifische Produkte f\u00fcr Ihre Anforderungen anzubieten. Evard Pr\u00e9cision SA unterh\u00e4lt privilegierte Beziehungen zu Kunden und Gesch\u00e4ftspartnern.<\/strong> <\/p>\n<p><\/span>\n<\/p><\/blockquote>\n<p>[\/et_pb_text][\/et_pb_column][\/et_pb_row][\/et_pb_section][et_pb_section fb_built=&#8220;1&#8243; admin_label=&#8220;historique&#8220; _builder_version=&#8220;4.16&#8243; background_color=&#8220;rgba(0,0,0,0.05)&#8220; min_height=&#8220;496.8px&#8220; transparent_background=&#8220;off&#8220; global_colors_info=&#8220;{}&#8220;][et_pb_row column_structure=&#8220;1_2,1_2&#8243; make_equal=&#8220;on&#8220; admin_label=&#8220;row&#8220; _builder_version=&#8220;4.16&#8243; background_size=&#8220;initial&#8220; background_position=&#8220;top_left&#8220; background_repeat=&#8220;repeat&#8220; custom_padding=&#8220;20.921875px|0px|2px|0px&#8220; global_colors_info=&#8220;{}&#8220;][et_pb_column type=&#8220;1_2&#8243; _builder_version=&#8220;4.16&#8243; custom_padding=&#8220;|||&#8220; global_colors_info=&#8220;{}&#8220; custom_padding__hover=&#8220;|||&#8220;][et_pb_text _builder_version=&#8220;4.16&#8243; background_size=&#8220;initial&#8220; background_position=&#8220;top_left&#8220; background_repeat=&#8220;repeat&#8220; use_border_color=&#8220;off&#8220; border_style=&#8220;solid&#8220; global_colors_info=&#8220;{}&#8220;]<span style=\"font-size: large;\">GESCHICHTE<\/span><br \/>\n[\/et_pb_text][\/et_pb_column][et_pb_column type=&#8220;1_2&#8243; _builder_version=&#8220;4.16&#8243; custom_padding=&#8220;|||&#8220; global_colors_info=&#8220;{}&#8220; custom_padding__hover=&#8220;|||&#8220;][\/et_pb_column][\/et_pb_row][et_pb_row column_structure=&#8220;1_2,1_2&#8243; _builder_version=&#8220;4.16&#8243; background_size=&#8220;initial&#8220; background_position=&#8220;top_left&#8220; background_repeat=&#8220;repeat&#8220; custom_padding=&#8220;3px|0px|20.921875px|0px&#8220; global_colors_info=&#8220;{}&#8220;][et_pb_column type=&#8220;1_2&#8243; _builder_version=&#8220;4.16&#8243; custom_padding=&#8220;|||&#8220; global_colors_info=&#8220;{}&#8220; custom_padding__hover=&#8220;|||&#8220;][et_pb_text _builder_version=&#8220;4.16&#8243; background_size=&#8220;initial&#8220; background_position=&#8220;top_left&#8220; background_repeat=&#8220;repeat&#8220; use_border_color=&#8220;off&#8220; border_style=&#8220;solid&#8220; global_colors_info=&#8220;{}&#8220;]<\/p>\n<p class=\"p1\" style=\"text-align: justify;\"><span style=\"color: #333399;\"><strong>1963: <\/strong><\/span>Jean-Pierre Evard gru\u0308ndet die mechanische Lohnfertigung von Evard in Concise. Unzufrieden mit dem Marktangebot beginnt er mit der Entwicklung seiner eigenen Spannwerkzeuge.<\/p>\n<p class=\"p1\" style=\"text-align: justify;\"><span style=\"color: #333399;\"><strong>1978:<\/strong><\/span> Nach mehrj\u00e4hriger Forschung wird der erste pneumatische Schraubstock Evard auf den Markt gebracht und ein Patent angemeldet.<\/p>\n<p class=\"p1\" style=\"text-align: justify;\"><span style=\"color: #333399;\"><strong>1980:<\/strong><\/span> Die S\u00f6hne Jean-Pierres, Jean-Marc und Roger Evard, treten in das Familienunternehmen ein. Nach und nach umfasst die Evard-Schraubstock-Palette 7 Modelle.<\/p>\n<p class=\"p1\" style=\"text-align: justify;\"><span style=\"color: #333399;\"><strong>1987:<\/strong><\/span>Gru\u0308ndung der Aktiengesellschaft (AG) und Umzug des Unternehmens in die neue Halle in der Industriezone im \u201eRue des Petits Champs 9\u201c in Yverdon-les-Bains.<\/p>\n<p class=\"p1\">[\/et_pb_text][\/et_pb_column][et_pb_column type=&#8220;1_2&#8243; _builder_version=&#8220;4.16&#8243; custom_padding=&#8220;|||&#8220; global_colors_info=&#8220;{}&#8220; custom_padding__hover=&#8220;|||&#8220;][et_pb_text _builder_version=&#8220;4.16&#8243; background_size=&#8220;initial&#8220; background_position=&#8220;top_left&#8220; background_repeat=&#8220;repeat&#8220; use_border_color=&#8220;off&#8220; border_color=&#8220;#ffffff&#8220; border_style=&#8220;solid&#8220; global_colors_info=&#8220;{}&#8220;]<\/p>\n<p class=\"p1\" style=\"text-align: justify;\"><span style=\"color: #333399;\"><strong>1993:<\/strong><\/span> Pr\u00e4sentation des revolution\u00e4ren \u201ePolymut\u201c-Mehrfachspannsystems als Weltpremiere auf der EMO in Hannover.<\/p>\n<p class=\"p1\" style=\"text-align: justify;\"><span style=\"color: #333399;\"><strong>1997:<\/strong><\/span> Angesichts des wachsenden Erfolgs der Evard-Produkte wird die Handelshalle auf 2000 m2 erweitert.<\/p>\n<p class=\"p1\" style=\"text-align: justify;\"><span style=\"color: #333399;\"><strong>2008 &amp; 2010:<\/strong><\/span>Benjamin und Tom, die S\u00f6hne von Roger Evard, treten nacheinander in das Familienunternehmen ein. In der zweiten Dekade der 2000er Jahre tragen sie wiederum zur Entwicklung neuer Produkte bei.<\/p>\n<p class=\"p1\" style=\"text-align: justify;\"><strong><span style=\"color: #333399;\">2020:<\/span><\/strong>Evard Pr\u00e9cision AG nimmt eine \u00f6kologische Wende und l\u00e4sst<br \/> 392 Sonnenkollektoren mit einer Leistung von 99 KW auf seinem Dach installieren.<\/p>\n<p>[\/et_pb_text][\/et_pb_column][\/et_pb_row][\/et_pb_section][et_pb_section fb_built=&#8220;1&#8243; admin_label=&#8220;suisse-made\/entreprise-durable&#8220; _builder_version=&#8220;4.16&#8243; _module_preset=&#8220;default&#8220; global_colors_info=&#8220;{}&#8220;][et_pb_row column_structure=&#8220;1_2,1_2&#8243; _builder_version=&#8220;4.16&#8243; _module_preset=&#8220;default&#8220; global_colors_info=&#8220;{}&#8220;][et_pb_column type=&#8220;1_2&#8243; _builder_version=&#8220;4.16&#8243; _module_preset=&#8220;default&#8220; global_colors_info=&#8220;{}&#8220;][et_pb_image src=&#8220;https:\/\/evard-precision.ch\/wp-content\/uploads\/2022\/01\/Precision.jpg&#8220; title_text=&#8220;Precision&#8220; _builder_version=&#8220;4.16&#8243; _module_preset=&#8220;default&#8220; global_colors_info=&#8220;{}&#8220;][\/et_pb_image][\/et_pb_column][et_pb_column type=&#8220;1_2&#8243; _builder_version=&#8220;4.16&#8243; _module_preset=&#8220;default&#8220; global_colors_info=&#8220;{}&#8220;][et_pb_image src=&#8220;https:\/\/evard-precision.ch\/wp-content\/uploads\/2022\/01\/evard-precision-swiss-made-black.png&#8220; title_text=&#8220;evard-precision-swiss-made-black&#8220; _builder_version=&#8220;4.16&#8243; _module_preset=&#8220;default&#8220; global_colors_info=&#8220;{}&#8220;][\/et_pb_image][et_pb_text _builder_version=&#8220;4.16&#8243; _module_preset=&#8220;default&#8220; global_colors_info=&#8220;{}&#8220;]<\/p>\n<p>Unsere Produkte sind das Ergebnis eines u\u0308ber mehrere Generationen aufgebautem Know-how.<\/p>\n<p>Zu 100% in der Schweiz entwickelt und gefertigt, sind sie fu\u0308r ihre Qualita\u0308t, Zuverla\u0308ssigkeit und Pra\u0308zision anerkannt.<\/p>\n<p>[\/et_pb_text][\/et_pb_column][\/et_pb_row][et_pb_row column_structure=&#8220;1_2,1_2&#8243; _builder_version=&#8220;4.16&#8243; global_colors_info=&#8220;{}&#8220;][et_pb_column type=&#8220;1_2&#8243; _builder_version=&#8220;4.16&#8243; custom_padding=&#8220;|||&#8220; global_colors_info=&#8220;{}&#8220; custom_padding__hover=&#8220;|||&#8220;][et_pb_image src=&#8220;https:\/\/evard-precision.ch\/wp-content\/uploads\/2022\/01\/evard-precision-entreprise-durable.png&#8220; title_text=&#8220;evard-precision-firma-nachhaltig&#8220; align_tablet=&#8220;center&#8220; align_phone=&#8220;center&#8220; align_last_edited=&#8220;on|desktop&#8220; _builder_version=&#8220;4.16&#8243; max_width=&#8220;82%&#8220; module_alignment=&#8220;center&#8220; global_colors_info=&#8220;{}&#8220;][\/et_pb_image][et_pb_text _builder_version=&#8220;4.21.0&#8243; _module_preset=&#8220;default&#8220; hover_enabled=&#8220;0&#8243; global_colors_info=&#8220;{}&#8220; sticky_enabled=&#8220;0&#8243;]<\/p>\n<p class=\"p1\"><span>Evard Pr\u00e9cision macht eine wichtige \u00f6kologische Wende. Die 392 Solarmodule, die im Januar 2020 installiert wurden, wurden im Mai 2023 durch 308 neue Module mit einer Gesamtleistung von 126 kWp erg\u00e4nzt. 65 % des j\u00e4hrlichen Stromverbrauchs werden nun durch die Solaranlage gedeckt. Die restlichen 35 % werden aus Schweizer Wasserkraft bezogen. Ein Schritt in Richtung einer nachhaltigen Industrie. Ein Schritt in die Zukunft.<\/span><\/p>\n<p>[\/et_pb_text][\/et_pb_column][et_pb_column type=&#8220;1_2&#8243; _builder_version=&#8220;4.16&#8243; custom_padding=&#8220;|||&#8220; global_colors_info=&#8220;{}&#8220; custom_padding__hover=&#8220;|||&#8220;][et_pb_image src=&#8220;https:\/\/evard-precision.ch\/wp-content\/uploads\/2023\/06\/evard-precision-panneau-solaire-2023.jpg&#8220; title_text=&#8220;evard-precision-panneau-solaire-2023&#8243; align_tablet=&#8220;center&#8220; align_phone=&#8220;center&#8220; align_last_edited=&#8220;on|desktop&#8220; _builder_version=&#8220;4.21.0&#8243; max_width=&#8220;80%&#8220; module_alignment=&#8220;left&#8220; global_colors_info=&#8220;{}&#8220;][\/et_pb_image][\/et_pb_column][\/et_pb_row][\/et_pb_section][et_pb_section fb_built=&#8220;1&#8243; fullwidth=&#8220;on&#8220; module_id=&#8220;team&#8220; _builder_version=&#8220;4.17.4&#8243; global_colors_info=&#8220;{}&#8220;][et_pb_fullwidth_image src=&#8220;http:\/\/www.evard-precision.ch\/wp-content\/uploads\/2020\/02\/evard-precision-equipe-05-fine.jpg&#8220; _builder_version=&#8220;4.16&#8243; global_colors_info=&#8220;{}&#8220;][\/et_pb_fullwidth_image][\/et_pb_section][et_pb_section fb_built=&#8220;1&#8243; _builder_version=&#8220;4.16&#8243; background_color=&#8220;rgba(0,0,0,0.05)&#8220; global_colors_info=&#8220;{}&#8220;][et_pb_row _builder_version=&#8220;4.16&#8243; custom_padding=&#8220;0|0px|27px|0px|false|false&#8220; global_colors_info=&#8220;{}&#8220;][et_pb_column type=&#8220;4_4&#8243; _builder_version=&#8220;4.16&#8243; custom_padding=&#8220;|||&#8220; global_colors_info=&#8220;{}&#8220; custom_padding__hover=&#8220;|||&#8220;][et_pb_text _builder_version=&#8220;4.16&#8243; global_colors_info=&#8220;{}&#8220;]<\/p>\n<p class=\"p1\" style=\"text-align: justify;\">Evard Pr\u00e9cision AG hat 16 Mitarbeiter, darunter 6 Mitglieder der Familie Evard. Die Eigenschaft, ein Familienunternehmen zu sein, pr\u00e4gt die Unternehmenskultur positiv. Verl\u00e4sslichkeit, Schweizer Qualit\u00e4t und Pr\u00e4zision stehen im Mittelpunkt aller Aktivit\u00e4ten. Diese Werte sind fu\u0308r unsere Mitarbeiter, Kunden und Gesch\u00e4ftspartner gleicherma\u00dfen wichtig.<\/p>\n<p class=\"p1\" style=\"text-align: justify;\">Die Mitarbeiter sind Teil einer starken Unternehmenskultur, die den Menschen und sein Wohlbefinden in den Mittelpunkt stellt. Die Mitarbeiter werden in ihren Bemu\u0308hungen stets unterstu\u0308tzt. Karrieren sind daher oft von langer Dauer, was die Qualit\u00e4t verbessert und die Kosten reduziert.<\/p>\n<p class=\"p1\" style=\"text-align: justify;\">Evard Pr\u00e9cision SA unterh\u00e4lt privilegierte Beziehungen zu Kunden und Gesch\u00e4ftspartnern. Insbesondere dank der N\u00e4he und der mehr als 50-j\u00e4hrigen Erfahrung, die sie kennzeichnet. Mit den verschiedenen Wiederverk\u00e4ufern, die die Marke weltweit vertreten, wird ein starkes Vertrauens- und Kommunikationsverh\u00e4ltnis aufgebaut.<\/p>\n<p>[\/et_pb_text][\/et_pb_column][\/et_pb_row][\/et_pb_section][et_pb_section fb_built=&#8220;1&#8243; module_id=&#8220;VERANSTALTUNGEN&#8220; _builder_version=&#8220;4.16&#8243; custom_padding=&#8220;49px|0px||0px&#8220; transparent_background=&#8220;off&#8220; global_colors_info=&#8220;{}&#8220;][et_pb_row _builder_version=&#8220;4.16&#8243; background_size=&#8220;initial&#8220; background_position=&#8220;top_left&#8220; background_repeat=&#8220;repeat&#8220; custom_padding=&#8220;0|0px|0px|0px|false|false&#8220; global_colors_info=&#8220;{}&#8220;][et_pb_column type=&#8220;4_4&#8243; _builder_version=&#8220;4.16&#8243; custom_padding=&#8220;|||&#8220; global_colors_info=&#8220;{}&#8220; custom_padding__hover=&#8220;|||&#8220;][et_pb_text admin_label=&#8220;Titre nos evenements&#8220; _builder_version=&#8220;4.16&#8243; background_size=&#8220;initial&#8220; background_position=&#8220;top_left&#8220; background_repeat=&#8220;repeat&#8220; use_border_color=&#8220;off&#8220; global_colors_info=&#8220;{}&#8220;]<span style=\"font-size: large;\">UNSERE VERANSTALTUNGEN<\/span><br \/>\n[\/et_pb_text][et_pb_text admin_label=&#8220;Text Evenement&#8220; _builder_version=&#8220;4.17.4&#8243; background_size=&#8220;initial&#8220; background_position=&#8220;top_left&#8220; background_repeat=&#8220;repeat&#8220; use_border_color=&#8220;off&#8220; global_colors_info=&#8220;{}&#8220;]<\/p>\n<p>Wir nehmen an zahlreichen nationalen und internationalen Maschinenbaumessen teil, wie z. B. die SIAMS, die EMO, die Dreh und Spantage, die Intec, die Metav, die Nortec usw.<\/p>\n<p>Besuchen Sie uns auf einem unserer St\u00e4nde und entdecken Sie unsere Produkte.<\/p>\n<p>[\/et_pb_text][et_pb_text admin_label=&#8220;Titre nos evenements&#8220; _builder_version=&#8220;4.16&#8243; background_size=&#8220;initial&#8220; background_position=&#8220;top_left&#8220; background_repeat=&#8220;repeat&#8220; custom_margin=&#8220;||-95px|&#8220; use_border_color=&#8220;off&#8220; global_colors_info=&#8220;{}&#8220;]<span style=\"font-size: large;\">ZU KOMMEN<\/span><\/p>\n<p>BESUCHEN SIE UNS<br \/>\n[\/et_pb_text][\/et_pb_column][\/et_pb_row][\/et_pb_section][et_pb_section fb_built=&#8220;1&#8243; _builder_version=&#8220;4.16&#8243; _module_preset=&#8220;default&#8220; global_colors_info=&#8220;{}&#8220;][et_pb_row column_structure=&#8220;1_2,1_2&#8243; _builder_version=&#8220;4.21.0&#8243; _module_preset=&#8220;default&#8220; global_colors_info=&#8220;{}&#8220;][et_pb_column type=&#8220;1_2&#8243; _builder_version=&#8220;4.16&#8243; _module_preset=&#8220;default&#8220; global_colors_info=&#8220;{}&#8220;][et_pb_image src=&#8220;https:\/\/evard-precision.ch\/wp-content\/uploads\/2023\/06\/EMO-Logo_DATE_rgb_pos.png&#8220; title_text=&#8220;EMO-Logo_DATE_rgb_pos&#8220; _builder_version=&#8220;4.21.0&#8243; _module_preset=&#8220;default&#8220; width=&#8220;50%&#8220; module_alignment=&#8220;center&#8220; global_colors_info=&#8220;{}&#8220;][\/et_pb_image][\/et_pb_column][et_pb_column type=&#8220;1_2&#8243; _builder_version=&#8220;4.16&#8243; _module_preset=&#8220;default&#8220; global_colors_info=&#8220;{}&#8220;][et_pb_image src=&#8220;https:\/\/evard-precision.ch\/wp-content\/uploads\/2023\/06\/d5f90edd9b3eeb698e8ad966200c717a.jpg&#8220; title_text=&#8220;d5f90edd9b3eeb698e8ad966200c717a&#8220; _builder_version=&#8220;4.21.0&#8243; _module_preset=&#8220;default&#8220; custom_margin=&#8220;50px||||false|false&#8220; global_colors_info=&#8220;{}&#8220;][\/et_pb_image][\/et_pb_column][\/et_pb_row][\/et_pb_section][et_pb_section fb_built=&#8220;1&#8243; module_id=&#8220;galerie&#8220; _builder_version=&#8220;4.16&#8243; background_color=&#8220;rgba(0,0,0,0.05)&#8220; custom_padding=&#8220;0px|0px|0px|0px&#8220; transparent_background=&#8220;off&#8220; global_colors_info=&#8220;{}&#8220;][et_pb_row _builder_version=&#8220;4.16&#8243; background_size=&#8220;initial&#8220; background_position=&#8220;top_left&#8220; background_repeat=&#8220;repeat&#8220; custom_padding=&#8220;31px|0px|22px|0px|false|false&#8220; global_colors_info=&#8220;{}&#8220;][et_pb_column type=&#8220;4_4&#8243; _builder_version=&#8220;4.16&#8243; custom_padding=&#8220;|||&#8220; global_colors_info=&#8220;{}&#8220; custom_padding__hover=&#8220;|||&#8220;][et_pb_text _builder_version=&#8220;4.16&#8243; background_size=&#8220;initial&#8220; background_position=&#8220;top_left&#8220; background_repeat=&#8220;repeat&#8220; use_border_color=&#8220;off&#8220; border_style=&#8220;solid&#8220; global_colors_info=&#8220;{}&#8220;]<\/p>\n<p><span style=\"font-size: large;\">GALERIE<\/span><\/p>\n<p>[\/et_pb_text][\/et_pb_column][\/et_pb_row][\/et_pb_section][et_pb_section fb_built=&#8220;1&#8243; _builder_version=&#8220;4.16&#8243; background_color=&#8220;rgba(0,0,0,0.05)&#8220; custom_padding=&#8220;0|0px|54px|0px|false|false&#8220; global_colors_info=&#8220;{}&#8220;][et_pb_row _builder_version=&#8220;4.16&#8243; global_colors_info=&#8220;{}&#8220;][et_pb_column type=&#8220;4_4&#8243; _builder_version=&#8220;4.16&#8243; custom_padding=&#8220;|||&#8220; global_colors_info=&#8220;{}&#8220; custom_padding__hover=&#8220;|||&#8220;][et_pb_gallery gallery_ids=&#8220;4706,4705,4707,4397,4398,4399,4404,4424&#8243; posts_number=&#8220;9&#8243; show_title_and_caption=&#8220;off&#8220; _builder_version=&#8220;4.16&#8243; title_level=&#8220;h6&#8243; title_font=&#8220;||||||||&#8220; caption_font=&#8220;||||||||&#8220; custom_margin=&#8220;||0px&#8220; global_colors_info=&#8220;{}&#8220;][\/et_pb_gallery][\/et_pb_column][\/et_pb_row][\/et_pb_section]<\/p>\n","protected":false},"excerpt":{"rendered":"<p>DIE FIRMA Evard Pr\u00e9cision SA wurde 1963 gegr\u00fcndet und ist ein Familienunternehmen, welches sich seit drei Generationen auf Pr\u00e4zisionsspannl\u00f6sungen f\u00fcr die Werkzeugmaschinenindustrie und die Robotisierung spezialisiert hat. Die breite Palette an Spannprodukten, die Flexibilit\u00e4t und die Erfahrung erm\u00f6glichen es uns, Standard- oder spezifische Produkte f\u00fcr Ihre Anforderungen anzubieten. Evard Pr\u00e9cision SA unterh\u00e4lt privilegierte Beziehungen zu [&hellip;]<\/p>\n","protected":false},"author":4,"featured_media":0,"parent":0,"menu_order":0,"comment_status":"closed","ping_status":"closed","template":"","meta":{"_et_pb_use_builder":"on","_et_pb_old_content":"","_et_gb_content_width":"","_exactmetrics_skip_tracking":false,"_exactmetrics_sitenote_active":false,"_exactmetrics_sitenote_note":"","_exactmetrics_sitenote_category":0,"footnotes":""},"class_list":["post-5460","page","type-page","status-publish","hentry"],"_links":{"self":[{"href":"https:\/\/evard-precision.ch\/de\/wp-json\/wp\/v2\/pages\/5460","targetHints":{"allow":["GET"]}}],"collection":[{"href":"https:\/\/evard-precision.ch\/de\/wp-json\/wp\/v2\/pages"}],"about":[{"href":"https:\/\/evard-precision.ch\/de\/wp-json\/wp\/v2\/types\/page"}],"author":[{"embeddable":true,"href":"https:\/\/evard-precision.ch\/de\/wp-json\/wp\/v2\/users\/4"}],"replies":[{"embeddable":true,"href":"https:\/\/evard-precision.ch\/de\/wp-json\/wp\/v2\/comments?post=5460"}],"version-history":[{"count":25,"href":"https:\/\/evard-precision.ch\/de\/wp-json\/wp\/v2\/pages\/5460\/revisions"}],"predecessor-version":[{"id":6549,"href":"https:\/\/evard-precision.ch\/de\/wp-json\/wp\/v2\/pages\/5460\/revisions\/6549"}],"wp:attachment":[{"href":"https:\/\/evard-precision.ch\/de\/wp-json\/wp\/v2\/media?parent=5460"}],"curies":[{"name":"wp","href":"https:\/\/api.w.org\/{rel}","templated":true}]}}