{"id":5477,"date":"2019-04-09T22:21:52","date_gmt":"2019-04-09T20:21:52","guid":{"rendered":"https:\/\/evard.fanyfabryk.ch\/vertriebspartner\/"},"modified":"2022-07-04T14:57:15","modified_gmt":"2022-07-04T12:57:15","slug":"vertriebspartner","status":"publish","type":"page","link":"https:\/\/evard-precision.ch\/de\/vertriebspartner\/","title":{"rendered":"Vertriebspartner"},"content":{"rendered":"<p>[et_pb_section fb_built=&#8220;1&#8243; fullwidth=&#8220;on&#8220; next_background_color=&#8220;#ffffff&#8220; admin_label=&#8220;section&#8220; _builder_version=&#8220;3.0.74&#8243; background_color=&#8220;#000000&#8243; custom_padding=&#8220;0px|0px|0px|0px&#8220; transparent_background=&#8220;off&#8220; collapsed=&#8220;off&#8220;][et_pb_fullwidth_slider show_pagination=&#8220;off&#8220; admin_label=&#8220;Fullwidth Slider&#8220; _builder_version=&#8220;3.19.17&#8243; header_font=&#8220;||||||||&#8220; header_font_size=&#8220;43px&#8220; header_letter_spacing=&#8220;4px&#8220; header_line_height=&#8220;2.3em&#8220; body_font_size=&#8220;14px&#8220; body_line_height=&#8220;1.8em&#8220; background_size=&#8220;default&#8220; background_position=&#8220;default&#8220; custom_button=&#8220;on&#8220; button_text_size=&#8220;14px&#8220; button_bg_color=&#8220;rgba(0,3,30,0.4)&#8220; button_border_width=&#8220;1px&#8220; button_use_icon=&#8220;off&#8220; box_shadow_style=&#8220;preset6&#8243; box_shadow_blur=&#8220;10px&#8220; box_shadow_color=&#8220;rgba(0,0,0,0.1)&#8220; custom_padding=&#8220;250px||50px|&#8220; custom_padding_tablet=&#8220;|||&#8220; custom_padding_phone=&#8220;|||&#8220; button_letter_spacing_hover=&#8220;0&#8243; top_padding=&#8220;250px&#8220; bottom_padding=&#8220;50px&#8220; remove_inner_shadow=&#8220;off&#8220; hide_content_on_mobile=&#8220;off&#8220; hide_cta_on_mobile=&#8220;off&#8220; show_inner_shadow=&#8220;on&#8220; button_text_size__hover_enabled=&#8220;off&#8220; button_one_text_size__hover_enabled=&#8220;off&#8220; button_two_text_size__hover_enabled=&#8220;off&#8220; button_text_color__hover_enabled=&#8220;off&#8220; button_one_text_color__hover_enabled=&#8220;off&#8220; button_two_text_color__hover_enabled=&#8220;off&#8220; button_border_width__hover_enabled=&#8220;off&#8220; button_one_border_width__hover_enabled=&#8220;off&#8220; button_two_border_width__hover_enabled=&#8220;off&#8220; button_border_color__hover_enabled=&#8220;off&#8220; button_one_border_color__hover_enabled=&#8220;off&#8220; button_two_border_color__hover_enabled=&#8220;off&#8220; button_border_radius__hover_enabled=&#8220;off&#8220; button_one_border_radius__hover_enabled=&#8220;off&#8220; button_two_border_radius__hover_enabled=&#8220;off&#8220; button_letter_spacing__hover_enabled=&#8220;on&#8220; button_letter_spacing__hover=&#8220;0&#8243; button_one_letter_spacing__hover_enabled=&#8220;off&#8220; button_two_letter_spacing__hover_enabled=&#8220;off&#8220; button_bg_color__hover_enabled=&#8220;off&#8220; button_one_bg_color__hover_enabled=&#8220;off&#8220; button_two_bg_color__hover_enabled=&#8220;off&#8220;][et_pb_slide button_text=&#8220;Vertriebspartner&#8220; use_bg_overlay=&#8220;off&#8220; use_text_overlay=&#8220;off&#8220; _builder_version=&#8220;3.19.17&#8243; header_font=&#8220;||||||||&#8220; header_font_size=&#8220;14px&#8220; body_font=&#8220;||||&#8220; body_font_size=&#8220;18&#8243; body_font_size_tablet=&#8220;20&#8243; body_font_size_phone=&#8220;20&#8243; background_color=&#8220;#ffffff&#8220; background_image=&#8220;http:\/\/www.evard-precision.ch\/wp-content\/uploads\/2014\/10\/monolites.jpg&#8220; custom_button=&#8220;on&#8220; button_bg_color=&#8220;rgba(0,0,0,0.42)&#8220; button_border_color=&#8220;#ffffff&#8220; button_letter_spacing=&#8220;2&#8243; button_font=&#8220;|||on|&#8220; button_use_icon=&#8220;off&#8220; button_text_size_tablet=&#8220;12px&#8220; button_text_size_phone=&#8220;12px&#8220; button_letter_spacing_tablet=&#8220;2&#8243; button_letter_spacing_phone=&#8220;2&#8243; button_text_size__hover_enabled=&#8220;off&#8220; button_one_text_size__hover_enabled=&#8220;off&#8220; button_two_text_size__hover_enabled=&#8220;off&#8220; button_text_color__hover_enabled=&#8220;off&#8220; button_one_text_color__hover_enabled=&#8220;off&#8220; button_two_text_color__hover_enabled=&#8220;off&#8220; button_border_width__hover_enabled=&#8220;off&#8220; button_one_border_width__hover_enabled=&#8220;off&#8220; button_two_border_width__hover_enabled=&#8220;off&#8220; button_border_color__hover_enabled=&#8220;off&#8220; button_one_border_color__hover_enabled=&#8220;off&#8220; button_two_border_color__hover_enabled=&#8220;off&#8220; button_border_radius__hover_enabled=&#8220;off&#8220; button_one_border_radius__hover_enabled=&#8220;off&#8220; button_two_border_radius__hover_enabled=&#8220;off&#8220; button_letter_spacing__hover_enabled=&#8220;off&#8220; button_one_letter_spacing__hover_enabled=&#8220;off&#8220; button_two_letter_spacing__hover_enabled=&#8220;off&#8220; button_bg_color__hover_enabled=&#8220;off&#8220; button_one_bg_color__hover_enabled=&#8220;off&#8220; button_two_bg_color__hover_enabled=&#8220;off&#8220;][\/et_pb_slide][\/et_pb_fullwidth_slider][\/et_pb_section][et_pb_section fb_built=&#8220;1&#8243; fullwidth=&#8220;on&#8220; _builder_version=&#8220;3.19.17&#8243; custom_padding=&#8220;0|0px|0px|0px|false|false&#8220;][et_pb_fullwidth_slider show_pagination=&#8220;off&#8220; admin_label=&#8220;Fullwidth Slider&#8220; _builder_version=&#8220;3.19.17&#8243; header_font=&#8220;||||||||&#8220; header_font_size=&#8220;43px&#8220; header_letter_spacing=&#8220;4px&#8220; header_line_height=&#8220;2.3em&#8220; body_font=&#8220;||||||||&#8220; body_font_size=&#8220;14px&#8220; body_line_height=&#8220;1.8em&#8220; background_color=&#8220;rgba(252,252,252,0)&#8220; background_position=&#8220;top_left&#8220; custom_button=&#8220;on&#8220; button_text_size=&#8220;16px&#8220; button_bg_color=&#8220;rgba(0,3,30,0.4)&#8220; button_border_width=&#8220;1px&#8220; button_font=&#8220;||||||||&#8220; custom_margin=&#8220;0px|||&#8220; custom_padding=&#8220;150px||150px|&#8220; custom_padding_tablet=&#8220;|||&#8220; auto=&#8220;on&#8220; auto_ignore_hover=&#8220;on&#8220; hover_transition_duration=&#8220;700ms&#8220; hover_transition_delay=&#8220;500ms&#8220; button_text_size__hover_enabled=&#8220;off&#8220; button_one_text_size__hover_enabled=&#8220;off&#8220; button_two_text_size__hover_enabled=&#8220;off&#8220; button_text_color__hover_enabled=&#8220;off&#8220; button_one_text_color__hover_enabled=&#8220;off&#8220; button_two_text_color__hover_enabled=&#8220;off&#8220; button_border_width__hover_enabled=&#8220;off&#8220; button_one_border_width__hover_enabled=&#8220;off&#8220; button_two_border_width__hover_enabled=&#8220;off&#8220; button_border_color__hover_enabled=&#8220;off&#8220; button_one_border_color__hover_enabled=&#8220;off&#8220; button_two_border_color__hover_enabled=&#8220;off&#8220; button_border_radius__hover_enabled=&#8220;off&#8220; button_one_border_radius__hover_enabled=&#8220;off&#8220; button_two_border_radius__hover_enabled=&#8220;off&#8220; button_letter_spacing__hover_enabled=&#8220;off&#8220; button_one_letter_spacing__hover_enabled=&#8220;off&#8220; button_two_letter_spacing__hover_enabled=&#8220;off&#8220; button_bg_color__hover_enabled=&#8220;off&#8220; button_one_bg_color__hover_enabled=&#8220;off&#8220; button_two_bg_color__hover_enabled=&#8220;off&#8220; auto_speed=&#8220;9000&#8243;][et_pb_slide button_text=&#8220;Sie suchen einen Vertriebspartner in Ihrer N\u00e4he?&#8220; button_link=&#8220;\/de\/kontakt\/&#8220; use_bg_overlay=&#8220;off&#8220; use_text_overlay=&#8220;off&#8220; _builder_version=&#8220;3.19.17&#8243; header_font=&#8220;||||||||&#8220; body_font=&#8220;||||||||&#8220; body_font_size=&#8220;17px&#8220; background_image=&#8220;http:\/\/www.evard-precision.ch\/wp-content\/uploads\/2019\/04\/Map_v4.jpg&#8220; background_position=&#8220;top_left&#8220; custom_button=&#8220;on&#8220; button_text_color=&#8220;#ffffff&#8220; button_bg_color=&#8220;#1a4568&#8243; button_border_color=&#8220;#000000&#8243; button_font=&#8220;||||||||&#8220; button_on_hover=&#8220;on&#8220; background_layout=&#8220;light&#8220; button_text_size__hover_enabled=&#8220;off&#8220; button_one_text_size__hover_enabled=&#8220;off&#8220; button_two_text_size__hover_enabled=&#8220;off&#8220; button_text_color__hover_enabled=&#8220;off&#8220; button_one_text_color__hover_enabled=&#8220;off&#8220; button_two_text_color__hover_enabled=&#8220;off&#8220; button_border_width__hover_enabled=&#8220;off&#8220; button_one_border_width__hover_enabled=&#8220;off&#8220; button_two_border_width__hover_enabled=&#8220;off&#8220; button_border_color__hover_enabled=&#8220;off&#8220; button_one_border_color__hover_enabled=&#8220;off&#8220; button_two_border_color__hover_enabled=&#8220;off&#8220; button_border_radius__hover_enabled=&#8220;off&#8220; button_one_border_radius__hover_enabled=&#8220;off&#8220; button_two_border_radius__hover_enabled=&#8220;off&#8220; button_letter_spacing__hover_enabled=&#8220;off&#8220; button_one_letter_spacing__hover_enabled=&#8220;off&#8220; button_two_letter_spacing__hover_enabled=&#8220;off&#8220; button_bg_color__hover_enabled=&#8220;off&#8220; button_one_bg_color__hover_enabled=&#8220;off&#8220; button_two_bg_color__hover_enabled=&#8220;off&#8220;]<\/p>\n<p style=\"text-align: center;\">Gerne beraten oder beliefern wir Sie Weltweit von unserem Standort in der Schweiz.<\/p>\n<p style=\"text-align: center;\">Sollten Sie lieber einen lokalen Ansprechpartner bevorzugen k\u00f6nnen wir Sie gerne mit einem Vertriebspartner in Verbindung bringen.<\/p>\n<p style=\"text-align: center;\">Z\u00f6gern Sie nicht uns zu kontaktieren: +41 24 424 01 09 oder per E-Mail.<\/p>\n<p>&nbsp;[\/et_pb_slide][et_pb_slide button_text=&#8220;Sind Sie auf der Suche nach Qualit\u00e4tsprodukten f\u00fcr Ihre Kunden?&#8220; button_link=&#8220;\/de\/kontakt\/&#8220; use_bg_overlay=&#8220;off&#8220; use_text_overlay=&#8220;off&#8220; _builder_version=&#8220;3.19.17&#8243; header_font=&#8220;||||||||&#8220; header_line_height=&#8220;3.4em&#8220; header_line_height_tablet=&#8220;3.4em&#8220; header_line_height_phone=&#8220;3.4em&#8220; body_font=&#8220;||||||||&#8220; body_font_size=&#8220;17&#8243; body_font_size_tablet=&#8220;20&#8243; body_font_size_phone=&#8220;20&#8243; body_line_height=&#8220;2.2em&#8220; body_line_height_tablet=&#8220;2.2em&#8220; body_line_height_phone=&#8220;2.2em&#8220; background_color=&#8220;#ffffff&#8220; background_image=&#8220;http:\/\/www.evard-precision.ch\/wp-content\/uploads\/2019\/04\/Map_v4.jpg&#8220; background_position=&#8220;bottom_center&#8220; custom_button=&#8220;on&#8220; button_text_color=&#8220;#ffffff&#8220; button_bg_color=&#8220;#1a4568&#8243; button_border_color=&#8220;#000000&#8243; button_font=&#8220;||||||||&#8220; button_on_hover=&#8220;on&#8220; background_layout=&#8220;light&#8220; button_text_size__hover_enabled=&#8220;off&#8220; button_one_text_size__hover_enabled=&#8220;off&#8220; button_two_text_size__hover_enabled=&#8220;off&#8220; button_text_color__hover_enabled=&#8220;off&#8220; button_one_text_color__hover_enabled=&#8220;off&#8220; button_two_text_color__hover_enabled=&#8220;off&#8220; button_border_width__hover_enabled=&#8220;off&#8220; button_one_border_width__hover_enabled=&#8220;off&#8220; button_two_border_width__hover_enabled=&#8220;off&#8220; button_border_color__hover_enabled=&#8220;off&#8220; button_one_border_color__hover_enabled=&#8220;off&#8220; button_two_border_color__hover_enabled=&#8220;off&#8220; button_border_radius__hover_enabled=&#8220;off&#8220; button_one_border_radius__hover_enabled=&#8220;off&#8220; button_two_border_radius__hover_enabled=&#8220;off&#8220; button_letter_spacing__hover_enabled=&#8220;off&#8220; button_one_letter_spacing__hover_enabled=&#8220;off&#8220; button_two_letter_spacing__hover_enabled=&#8220;off&#8220; button_bg_color__hover_enabled=&#8220;off&#8220; button_one_bg_color__hover_enabled=&#8220;off&#8220; button_two_bg_color__hover_enabled=&#8220;off&#8220;]<\/p>\n<p style=\"text-align: center;\">Wir sind auf der Suche nach neuen Vertriebspartnern.<\/p>\n<p style=\"text-align: center;\">Gerne steht Ihnen unser Verkaufsb\u00fcro zur Verf\u00fcgung, um mit Ihnen \u00fcber spezielle Partnerkonditionen zu sprechen.<\/p>\n<p style=\"text-align: center;\">Kontaktieren Sie unser Vertriebsb\u00fcro, um die Partnerkonditionen unter +41 24 424 01 09 oder per E-Mail zu besprechen.<\/p>\n<p>&nbsp;[\/et_pb_slide][\/et_pb_fullwidth_slider][\/et_pb_section]<\/p>\n","protected":false},"excerpt":{"rendered":"<p>Gerne beraten oder beliefern wir Sie Weltweit von unserem Standort in der Schweiz. Sollten Sie lieber einen lokalen Ansprechpartner bevorzugen k\u00f6nnen wir Sie gerne mit einem Vertriebspartner in Verbindung bringen. Z\u00f6gern Sie nicht uns zu kontaktieren: +41 24 424 01 09 oder per E-Mail. &nbsp;Wir sind auf der Suche nach neuen Vertriebspartnern. Gerne steht Ihnen [&hellip;]<\/p>\n","protected":false},"author":4,"featured_media":0,"parent":0,"menu_order":0,"comment_status":"closed","ping_status":"closed","template":"","meta":{"_et_pb_use_builder":"on","_et_pb_old_content":"","_et_gb_content_width":"","_exactmetrics_skip_tracking":false,"_exactmetrics_sitenote_active":false,"_exactmetrics_sitenote_note":"","_exactmetrics_sitenote_category":0,"footnotes":""},"class_list":["post-5477","page","type-page","status-publish","hentry"],"_links":{"self":[{"href":"https:\/\/evard-precision.ch\/de\/wp-json\/wp\/v2\/pages\/5477","targetHints":{"allow":["GET"]}}],"collection":[{"href":"https:\/\/evard-precision.ch\/de\/wp-json\/wp\/v2\/pages"}],"about":[{"href":"https:\/\/evard-precision.ch\/de\/wp-json\/wp\/v2\/types\/page"}],"author":[{"embeddable":true,"href":"https:\/\/evard-precision.ch\/de\/wp-json\/wp\/v2\/users\/4"}],"replies":[{"embeddable":true,"href":"https:\/\/evard-precision.ch\/de\/wp-json\/wp\/v2\/comments?post=5477"}],"version-history":[{"count":10,"href":"https:\/\/evard-precision.ch\/de\/wp-json\/wp\/v2\/pages\/5477\/revisions"}],"predecessor-version":[{"id":6239,"href":"https:\/\/evard-precision.ch\/de\/wp-json\/wp\/v2\/pages\/5477\/revisions\/6239"}],"wp:attachment":[{"href":"https:\/\/evard-precision.ch\/de\/wp-json\/wp\/v2\/media?parent=5477"}],"curies":[{"name":"wp","href":"https:\/\/api.w.org\/{rel}","templated":true}]}}