{"id":5514,"date":"2017-03-14T15:41:18","date_gmt":"2017-03-14T14:41:18","guid":{"rendered":"https:\/\/evard.fanyfabryk.ch\/em-typ\/"},"modified":"2022-07-12T13:57:25","modified_gmt":"2022-07-12T11:57:25","slug":"em-typ","status":"publish","type":"page","link":"https:\/\/evard-precision.ch\/de\/em-typ\/","title":{"rendered":"EM-TYP"},"content":{"rendered":"<p>[et_pb_section fb_built=&#8220;1&#8243; _builder_version=&#8220;4.16&#8243; _module_preset=&#8220;default&#8220; custom_margin=&#8220;||||false|false&#8220; custom_padding=&#8220;0px||||false|false&#8220; global_colors_info=&#8220;{}&#8220;][et_pb_row _builder_version=&#8220;4.16&#8243; _module_preset=&#8220;default&#8220; width=&#8220;100%&#8220; max_width=&#8220;2560px&#8220; custom_padding=&#8220;0px||||false|false&#8220; global_colors_info=&#8220;{}&#8220;][et_pb_column type=&#8220;4_4&#8243; _builder_version=&#8220;4.16&#8243; _module_preset=&#8220;default&#8220; global_colors_info=&#8220;{}&#8220;][et_pb_slider use_bg_overlay=&#8220;on&#8220; bg_overlay_color=&#8220;rgba(0,0,0,0.42)&#8220; _builder_version=&#8220;4.17.4&#8243; _module_preset=&#8220;default&#8220; header_text_color=&#8220;#FFFFFF&#8220; global_colors_info=&#8220;{}&#8220;][et_pb_slide heading=&#8220;EM-TYP&#8220; button_text=&#8220;Universell \/ Pflegeleicht \/ Robust&#8220; button_link=&#8220;https:\/\/evard.fanyfabryk.ch\/de\/em-typ\/#section-em&#8220; _builder_version=&#8220;4.17.4&#8243; _module_preset=&#8220;default&#8220; header_level=&#8220;h2&#8243; header_font=&#8220;||||||||&#8220; header_text_align=&#8220;right&#8220; header_text_color=&#8220;#FFFFFF&#8220; header_letter_spacing=&#8220;4px&#8220; background_enable_color=&#8220;off&#8220; background_image=&#8220;https:\/\/evard-precision.ch\/wp-content\/uploads\/2022\/02\/type-em-90-slide.jpg&#8220; background_enable_image=&#8220;on&#8220; custom_button=&#8220;on&#8220; button_text_color=&#8220;#FFFFFF&#8220; button_alignment=&#8220;right&#8220; global_colors_info=&#8220;{}&#8220; sticky_transition=&#8220;on&#8220;][\/et_pb_slide][\/et_pb_slider][\/et_pb_column][\/et_pb_row][\/et_pb_section][et_pb_section fb_built=&#8220;1&#8243; admin_label=&#8220;section-em&#8220; module_id=&#8220;section-em&#8220; _builder_version=&#8220;4.17.4&#8243; custom_padding=&#8220;0px|0px|0px|0px&#8220; transparent_background=&#8220;off&#8220; make_fullwidth=&#8220;off&#8220; use_custom_width=&#8220;off&#8220; width_unit=&#8220;off&#8220; custom_width_px=&#8220;1080px&#8220; custom_width_percent=&#8220;80%&#8220; global_colors_info=&#8220;{}&#8220;][et_pb_row column_structure=&#8220;1_2,1_2&#8243; use_custom_gutter=&#8220;on&#8220; admin_label=&#8220;row&#8220; _builder_version=&#8220;4.16&#8243; background_size=&#8220;initial&#8220; background_position=&#8220;top_left&#8220; background_repeat=&#8220;repeat&#8220; custom_padding=&#8220;70px|0px|62px|0px&#8220; make_fullwidth=&#8220;off&#8220; use_custom_width=&#8220;off&#8220; width_unit=&#8220;off&#8220; custom_width_px=&#8220;1080px&#8220; custom_width_percent=&#8220;80%&#8220; global_colors_info=&#8220;{}&#8220;][et_pb_column type=&#8220;1_2&#8243; _builder_version=&#8220;4.16&#8243; custom_padding=&#8220;|||&#8220; global_colors_info=&#8220;{}&#8220; custom_padding__hover=&#8220;|||&#8220;][et_pb_image src=&#8220;https:\/\/evard-precision.ch\/wp-content\/uploads\/2022\/03\/evard-type-em-eteau-mecanique-em-90.png&#8220; alt=&#8220;Mehrfachspannsystem 50 und 80&#8243; title_text=&#8220;evard-type-em-universalschraubstock-em-90&#8243; align=&#8220;center&#8220; align_tablet=&#8220;center&#8220; align_phone=&#8220;center&#8220; align_last_edited=&#8220;on|desktop&#8220; _builder_version=&#8220;4.16&#8243; animation=&#8220;off&#8220; sticky=&#8220;off&#8220; use_border_color=&#8220;off&#8220; border_color=&#8220;#ffffff&#8220; border_width=&#8220;1px&#8220; border_style=&#8220;solid&#8220; always_center_on_mobile=&#8220;on&#8220; global_colors_info=&#8220;{}&#8220;][\/et_pb_image][et_pb_image src=&#8220;https:\/\/evard-precision.ch\/wp-content\/uploads\/2022\/03\/tourelle-em.jpg&#8220; title_text=&#8220;tourelle-em&#8220; align_tablet=&#8220;center&#8220; align_phone=&#8220;center&#8220; align_last_edited=&#8220;on|desktop&#8220; _builder_version=&#8220;4.16&#8243; width=&#8220;60%&#8220; max_width=&#8220;60%&#8220; module_alignment=&#8220;center&#8220; custom_margin=&#8220;20px|-20px||-20px&#8220; animation=&#8220;off&#8220; sticky=&#8220;off&#8220; use_border_color=&#8220;off&#8220; border_color=&#8220;#ffffff&#8220; border_width=&#8220;1px&#8220; border_style=&#8220;solid&#8220; always_center_on_mobile=&#8220;on&#8220; global_colors_info=&#8220;{}&#8220;][\/et_pb_image][\/et_pb_column][et_pb_column type=&#8220;1_2&#8243; _builder_version=&#8220;4.16&#8243; custom_padding=&#8220;|||&#8220; global_colors_info=&#8220;{}&#8220; custom_padding__hover=&#8220;|||&#8220;][et_pb_text _builder_version=&#8220;4.17.4&#8243; background_size=&#8220;initial&#8220; background_position=&#8220;top_left&#8220; background_repeat=&#8220;repeat&#8220; hover_enabled=&#8220;0&#8243; use_border_color=&#8220;off&#8220; global_colors_info=&#8220;{}&#8220; sticky_enabled=&#8220;0&#8243;]<\/p>\n<h2>\u00a0<\/h2>\n<p><strong style=\"color: rgba(0, 0, 0, 0.360784); font-size: xx-large;\">EM-TYP<\/strong><\/p>\n<h3><b>Mechanischer Universalschraubstock<\/b><\/h3>\n<p class=\"p1\"><span class=\"s1\" style=\"color: #000080;\"><b>Universal<\/b><\/span> ist der <span class=\"s1\" style=\"color: #000080;\"><b>EM-Typ <\/b><\/span>sowohl fu\u0308r <b><span style=\"color: #000080;\">konventionelle<\/span><\/b> <span style=\"color: #000080;\"><b>Maschinen<\/b><\/span> als auch fu\u0308r <span class=\"s1\" style=\"color: #000080;\"><b>CNC-<\/b><\/span> und <span class=\"s1\" style=\"color: #000080;\"><b>Schleifmaschinen<\/b><\/span> konzipiert. Seine T-Nuten erm\u00f6glichen die Montage von Spezialbacken, Anschl\u00e4gen und Vorrichtungen.<\/p>\n<p class=\"p1\">Er ist <span class=\"s1\" style=\"color: #000080;\"><b>robust<\/b><\/span> und kann in <span style=\"color: #000080;\"><b>verschiedenen Positionen<\/b><\/span> sowie auf <span style=\"color: #000080;\"><b>mehreren Auflagefl\u00e4chen eingesetzt werden<\/b><\/span>. Er unterscheidet sich von der Konkurrenz durch seine<span class=\"s1\" style=\"color: #000080;\"><b>geschliffenen<\/b><\/span> und <span style=\"color: #000080;\"><b>geschlossenen Fl\u00e4chen<\/b><\/span>, welche das Eindringen von Sp\u00e4nen in den Schraubstock <span class=\"s1\" style=\"color: #000080;\"><b>verhindern und die Wartung erleichtern<\/b><\/span>.<\/p>\n<p>[\/et_pb_text][et_pb_text admin_label=&#8220;qualit\u00e9 Polymut&#8220; _builder_version=&#8220;4.16&#8243; text_font_size=&#8220;17px&#8220; text_line_height=&#8220;1.6em&#8220; background_size=&#8220;initial&#8220; background_position=&#8220;top_left&#8220; background_repeat=&#8220;repeat&#8220; custom_margin=&#8220;20px||70px|&#8220; use_border_color=&#8220;off&#8220; global_colors_info=&#8220;{}&#8220;]<\/p>\n<ul>\n<li style=\"font-weight: 400;\">\n<p class=\"p1\"><span class=\"s1\">Universal<\/span><\/p>\n<\/li>\n<li style=\"font-weight: 400;\">\n<p class=\"p1\"><span class=\"s1\"><\/span><span class=\"s1\">Schnelle und pr\u00e4zise Einstellung +\/- 0,01 mm<span class=\"Apple-converted-space\"> <\/span><\/span><\/p>\n<\/li>\n<li style=\"font-weight: 400;\">\n<p class=\"p1\"><span class=\"s1\"><span class=\"Apple-converted-space\"><\/span><\/span><span class=\"s1\">Einfache Bedienung<\/span><\/p>\n<\/li>\n<li style=\"font-weight: 400;\">\n<p class=\"p1\"><span class=\"s1\"><\/span><span class=\"s1\">Wartungsfreundlich<\/span><\/p>\n<\/li>\n<li style=\"font-weight: 400;\">\n<p class=\"p1\"><span class=\"s1\"><\/span><span class=\"s1\">Bew\u00e4hrte Robustheit<\/span><\/p>\n<\/li>\n<li style=\"font-weight: 400;\">\n<p class=\"p1\"><span class=\"s1\"><\/span><span class=\"s1\">Alle Komponenten sind einsatzgeh\u00e4rtet <br \/><\/span> <span class=\"s1\">auf 60 HRC geh\u00e4rtet und geschliffen<\/span><\/p>\n<\/li>\n<\/ul>\n<p>[\/et_pb_text][et_pb_button button_url=&#8220;\/de\/spezielle-loesung\/&#8220; button_text=&#8220;Hier klicken f\u00fcr Kundenspezifische L\u00f6sungen&#8220; _builder_version=&#8220;4.16&#8243; _module_preset=&#8220;default&#8220; custom_button=&#8220;on&#8220; button_text_color=&#8220;#0C71C3&#8243; button_bg_color=&#8220;#FFFFFF&#8220; button_border_color=&#8220;#0C71C3&#8243; button_icon_color=&#8220;#0C71C3&#8243; custom_margin=&#8220;|0px||0px|false|true&#8220; locked=&#8220;off&#8220; global_colors_info=&#8220;{}&#8220;][\/et_pb_button][et_pb_text _builder_version=&#8220;4.17.4&#8243; background_size=&#8220;initial&#8220; background_position=&#8220;top_left&#8220; background_repeat=&#8220;repeat&#8220; custom_margin=&#8220;|||&#8220; use_border_color=&#8220;off&#8220; border_color=&#8220;#ffffff&#8220; border_style=&#8220;solid&#8220; saved_tabs=&#8220;all&#8220; global_colors_info=&#8220;{}&#8220;]<\/p>\n<p><a href=\"\/wp-content\/uploads\/2017\/04\/Type-EM_2017_All.pdf\" target=\"_blank\" rel=\"noopener noreferrer\"><span style=\"color: #3484d9;\">EM-Typ Datenblatt und Zubeh\u00f6r<\/span><\/a><\/p>\n<p><a href=\"\/de\/evp-catalogue-de\/\"><span style=\"color: #3484d9;\">Hauptkatalog<\/span><\/a><\/p>\n<p><a href=\"\/de\/evp-preislist-chf\/\" target=\"_blank\" rel=\"noopener noreferrer\"><span style=\"color: #3484d9;\">Preisliste<\/span><\/a><\/p>\n<p>[\/et_pb_text][et_pb_blurb title=&#8220;Alle unsere Schraubstock&#8220; url=&#8220;\/de\/produkte\/&#8220; use_icon=&#8220;on&#8220; font_icon=&#8220;&#x23;||divi||400&#8243; icon_color=&#8220;#3484d9&#8243; icon_placement=&#8220;left&#8220; image_icon_width=&#8220;18px&#8220; admin_label=&#8220;retour tous nos produits&#8220; _builder_version=&#8220;4.16&#8243; header_font_size=&#8220;14&#8243; background_size=&#8220;initial&#8220; background_position=&#8220;top_left&#8220; background_repeat=&#8220;repeat&#8220; max_width_tablet=&#8220;50px&#8220; animation=&#8220;off&#8220; use_border_color=&#8220;off&#8220; icon_font_size=&#8220;18px&#8220; use_circle_border=&#8220;on&#8220; circle_border_color=&#8220;#3484d9&#8243; circle_color=&#8220;#ffffff&#8220; saved_tabs=&#8220;all&#8220; global_colors_info=&#8220;{}&#8220;][\/et_pb_blurb][\/et_pb_column][\/et_pb_row][\/et_pb_section][et_pb_section fb_built=&#8220;1&#8243; fullwidth=&#8220;on&#8220; _builder_version=&#8220;4.16&#8243; custom_padding=&#8220;0px|0px|0px|0px&#8220; transparent_background=&#8220;off&#8220; make_fullwidth=&#8220;off&#8220; use_custom_width=&#8220;off&#8220; width_unit=&#8220;off&#8220; custom_width_px=&#8220;1080px&#8220; custom_width_percent=&#8220;80%&#8220; global_colors_info=&#8220;{}&#8220;][et_pb_fullwidth_image src=&#8220;http:\/\/www.evard-precision.ch\/wp-content\/uploads\/2017\/03\/Type-EM_Usinage.jpg&#8220; alt=&#8220;Polymut &#8211; usinage serrage multiple&#8220; _builder_version=&#8220;4.16&#8243; animation=&#8220;off&#8220; use_border_color=&#8220;off&#8220; border_color=&#8220;#ffffff&#8220; border_width=&#8220;1px&#8220; border_style=&#8220;solid&#8220; global_colors_info=&#8220;{}&#8220;][\/et_pb_fullwidth_image][\/et_pb_section]<\/p>\n","protected":false},"excerpt":{"rendered":"<p>\u00a0 EM-TYP Mechanischer Universalschraubstock Universal ist der EM-Typ sowohl fu\u0308r konventionelle Maschinen als auch fu\u0308r CNC- und Schleifmaschinen konzipiert. Seine T-Nuten erm\u00f6glichen die Montage von Spezialbacken, Anschl\u00e4gen und Vorrichtungen. Er ist robust und kann in verschiedenen Positionen sowie auf mehreren Auflagefl\u00e4chen eingesetzt werden. Er unterscheidet sich von der Konkurrenz durch seinegeschliffenen und geschlossenen Fl\u00e4chen, welche [&hellip;]<\/p>\n","protected":false},"author":4,"featured_media":0,"parent":0,"menu_order":0,"comment_status":"closed","ping_status":"closed","template":"","meta":{"_et_pb_use_builder":"on","_et_pb_old_content":"","_et_gb_content_width":"","_exactmetrics_skip_tracking":false,"_exactmetrics_sitenote_active":false,"_exactmetrics_sitenote_note":"","_exactmetrics_sitenote_category":0,"footnotes":""},"class_list":["post-5514","page","type-page","status-publish","hentry"],"_links":{"self":[{"href":"https:\/\/evard-precision.ch\/de\/wp-json\/wp\/v2\/pages\/5514","targetHints":{"allow":["GET"]}}],"collection":[{"href":"https:\/\/evard-precision.ch\/de\/wp-json\/wp\/v2\/pages"}],"about":[{"href":"https:\/\/evard-precision.ch\/de\/wp-json\/wp\/v2\/types\/page"}],"author":[{"embeddable":true,"href":"https:\/\/evard-precision.ch\/de\/wp-json\/wp\/v2\/users\/4"}],"replies":[{"embeddable":true,"href":"https:\/\/evard-precision.ch\/de\/wp-json\/wp\/v2\/comments?post=5514"}],"version-history":[{"count":18,"href":"https:\/\/evard-precision.ch\/de\/wp-json\/wp\/v2\/pages\/5514\/revisions"}],"predecessor-version":[{"id":6355,"href":"https:\/\/evard-precision.ch\/de\/wp-json\/wp\/v2\/pages\/5514\/revisions\/6355"}],"wp:attachment":[{"href":"https:\/\/evard-precision.ch\/de\/wp-json\/wp\/v2\/media?parent=5514"}],"curies":[{"name":"wp","href":"https:\/\/api.w.org\/{rel}","templated":true}]}}