{"id":5533,"date":"2019-09-29T07:56:36","date_gmt":"2019-09-29T05:56:36","guid":{"rendered":"https:\/\/evard.fanyfabryk.ch\/cp-typ\/"},"modified":"2023-08-01T08:15:04","modified_gmt":"2023-08-01T06:15:04","slug":"cp-typ","status":"publish","type":"page","link":"https:\/\/evard-precision.ch\/de\/cp-typ\/","title":{"rendered":"CP-TYP"},"content":{"rendered":"<p>[et_pb_section fb_built=&#8220;1&#8243; _builder_version=&#8220;4.16&#8243; _module_preset=&#8220;default&#8220; custom_margin=&#8220;||||false|false&#8220; custom_padding=&#8220;0px||||false|false&#8220; global_colors_info=&#8220;{}&#8220;][et_pb_row _builder_version=&#8220;4.16&#8243; _module_preset=&#8220;default&#8220; width=&#8220;100%&#8220; max_width=&#8220;2560px&#8220; custom_padding=&#8220;0px||||false|false&#8220; global_colors_info=&#8220;{}&#8220;][et_pb_column type=&#8220;4_4&#8243; _builder_version=&#8220;4.16&#8243; _module_preset=&#8220;default&#8220; global_colors_info=&#8220;{}&#8220;][et_pb_slider use_bg_overlay=&#8220;on&#8220; bg_overlay_color=&#8220;rgba(0,0,0,0.42)&#8220; _builder_version=&#8220;4.17.4&#8243; _module_preset=&#8220;default&#8220; header_text_color=&#8220;#FFFFFF&#8220; global_colors_info=&#8220;{}&#8220;][et_pb_slide heading=&#8220;CP-TYP&#8220; button_text=&#8220;Spannkraft &#038; Pr\u00e4zision&#8220; button_link=&#8220;https:\/\/evard.fanyfabryk.ch\/de\/cp-typ\/#section-cp&#8220; _builder_version=&#8220;4.17.4&#8243; _module_preset=&#8220;default&#8220; header_level=&#8220;h2&#8243; header_font=&#8220;||||||||&#8220; header_text_align=&#8220;right&#8220; header_text_color=&#8220;#FFFFFF&#8220; header_letter_spacing=&#8220;4px&#8220; background_enable_color=&#8220;off&#8220; background_image=&#8220;https:\/\/evard-precision.ch\/wp-content\/uploads\/2022\/02\/type-cp-slide.jpg&#8220; background_enable_image=&#8220;on&#8220; custom_button=&#8220;on&#8220; button_text_color=&#8220;#FFFFFF&#8220; button_alignment=&#8220;right&#8220; global_colors_info=&#8220;{}&#8220; sticky_transition=&#8220;on&#8220;][\/et_pb_slide][\/et_pb_slider][\/et_pb_column][\/et_pb_row][\/et_pb_section][et_pb_section fb_built=&#8220;1&#8243; admin_label=&#8220;section&#8220; module_id=&#8220;section-cp&#8220; _builder_version=&#8220;4.17.4&#8243; custom_padding=&#8220;0px|0px|0px|0px&#8220; transparent_background=&#8220;off&#8220; global_colors_info=&#8220;{}&#8220;][et_pb_row column_structure=&#8220;1_2,1_2&#8243; use_custom_gutter=&#8220;on&#8220; admin_label=&#8220;row&#8220; _builder_version=&#8220;4.16&#8243; background_size=&#8220;initial&#8220; background_position=&#8220;top_left&#8220; background_repeat=&#8220;repeat&#8220; custom_padding=&#8220;70px|0px|62px|0px&#8220; global_colors_info=&#8220;{}&#8220;][et_pb_column type=&#8220;1_2&#8243; _builder_version=&#8220;4.16&#8243; custom_padding=&#8220;|||&#8220; global_colors_info=&#8220;{}&#8220; custom_padding__hover=&#8220;|||&#8220;][et_pb_image src=&#8220;http:\/\/www.evard-precision.ch\/wp-content\/uploads\/2019\/09\/cp130-768&#215;512.png&#8220; alt=&#8220;Mehrfachspannsystem 50 und 80&#8243; align=&#8220;center&#8220; align_tablet=&#8220;center&#8220; align_phone=&#8220;center&#8220; align_last_edited=&#8220;on|desktop&#8220; _builder_version=&#8220;4.16&#8243; animation=&#8220;off&#8220; sticky=&#8220;off&#8220; use_border_color=&#8220;off&#8220; border_color=&#8220;#ffffff&#8220; border_width=&#8220;1px&#8220; border_style=&#8220;solid&#8220; global_colors_info=&#8220;{}&#8220;][\/et_pb_image][\/et_pb_column][et_pb_column type=&#8220;1_2&#8243; _builder_version=&#8220;4.16&#8243; custom_padding=&#8220;|||&#8220; global_colors_info=&#8220;{}&#8220; custom_padding__hover=&#8220;|||&#8220;][et_pb_text _builder_version=&#8220;4.21.0&#8243; background_size=&#8220;initial&#8220; background_position=&#8220;top_left&#8220; background_repeat=&#8220;repeat&#8220; use_border_color=&#8220;off&#8220; global_colors_info=&#8220;{}&#8220;]<\/p>\n<h2><\/h2>\n<p><strong style=\"color: rgba(0, 0, 0, 0.360784); font-size: xx-large;\">CP-TYP<\/strong><\/p>\n<h3 class=\"p1\"><b>Pneumatischer Zentrumspanner<\/b><\/h3>\n<p class=\"p3\">Erste Baugr\u00f6\u00dfe einer neuen Serie immer effizienter werdender Schraubst\u00f6cke, besticht der pneumatische Zentrumspanner <span style=\"color: #2e59a5;\"><b>CP 130<\/b><\/span> durch seinen <span class=\"s1\" style=\"color: #2e59a5;\"><b>modularen Charakter.<\/b><\/span> Fu\u0308r eine optimale Zug\u00e4nglichkeit, bietet er <span class=\"s1\" style=\"color: #2e59a5;\"><b>zus\u00e4tzlich zum zentrischen innen und au\u00dfen Spannen<\/b><\/span>, die <span style=\"color: #2e59a5;\"><b>M\u00f6glichkeit exzentrisch zu Arbeiten.<\/b><\/span><\/p>\n<p class=\"p3\">Entwickelt um die Bearbeitungsm\u00f6glichkeiten, insbesondere auf <span style=\"color: #2e59a5;\"><b>5 Achs Maschinen<\/b><\/span> zu erh\u00f6hen, kombiniert der <span style=\"color: #2e59a5;\"><b>CP 130<\/b><\/span> <span class=\"s1\" style=\"color: #2e59a5;\"><b>Spannkraft<\/b><\/span> und <span class=\"s1\" style=\"color: #2e59a5;\"><b>Pr\u00e4zision<\/b><\/span>. Sein <span style=\"color: #2e59a5;\"><b>gro\u00dfer Spannbereich,<\/b><\/span> <span style=\"color: #2e59a5;\"><b>hervorragenden Wiederholgenauigkeit<\/b><\/span> und sein <span style=\"color: #2e59a5;\"><b>intelligentes Design<\/b><\/span>, machen ihn zu einem zuverl\u00e4ssigen Werkzeug vom Rohteil bis zur feinen Endbearbeitung.<\/p>\n<p>[\/et_pb_text][et_pb_text admin_label=&#8220;qualit\u00e9 Polymut&#8220; _builder_version=&#8220;4.16&#8243; text_font_size=&#8220;17px&#8220; text_line_height=&#8220;1.6em&#8220; background_size=&#8220;initial&#8220; background_position=&#8220;top_left&#8220; background_repeat=&#8220;repeat&#8220; custom_margin=&#8220;20px||50px||false|false&#8220; use_border_color=&#8220;off&#8220; global_colors_info=&#8220;{}&#8220;]<\/p>\n<ul>\n<li style=\"font-weight: 400;\">\n<p class=\"p1\"><span class=\"s1\">Grosser Spannbereich dank verstellbaren Backe<\/span><\/p>\n<\/li>\n<li style=\"font-weight: 400;\">\n<p class=\"p1\"><span class=\"s1\"><\/span><span class=\"s1\">Auf jeden Maschinentisch anpassbar<\/span><\/p>\n<\/li>\n<li style=\"font-weight: 400;\">\n<p class=\"p1\"><span class=\"s1\"><\/span><span class=\"s1\">Modulares Spannen<\/span><\/p>\n<\/li>\n<li style=\"font-weight: 400;\">\n<p class=\"p1\"><span class=\"s1\"><\/span><span class=\"s1\">Schnelles und einfaches Ru\u0308sten<\/span><\/p>\n<\/li>\n<li style=\"font-weight: 400;\">\n<p class=\"p1\"><span class=\"s1\"><\/span><span class=\"s1\">Hohe Spannkraft bis 3 Tonnen<\/span><\/p>\n<\/li>\n<li style=\"font-weight: 400;\">\n<p class=\"p1\"><span class=\"s1\"><\/span><span class=\"s1\">Alle Komponenten sind einsatzgeh\u00e4rtet, auf 60 HRC geh\u00e4rtet und geschliffen<\/span><\/p>\n<\/li>\n<\/ul>\n<p>[\/et_pb_text][et_pb_button button_url=&#8220;\/de\/spezielle-loesung\/&#8220; button_text=&#8220;Hier klicken f\u00fcr Kundenspezifische L\u00f6sungen&#8220; _builder_version=&#8220;4.16&#8243; _module_preset=&#8220;default&#8220; custom_button=&#8220;on&#8220; button_text_color=&#8220;#0C71C3&#8243; button_bg_color=&#8220;#FFFFFF&#8220; button_border_color=&#8220;#0C71C3&#8243; button_icon_color=&#8220;#0C71C3&#8243; custom_margin=&#8220;|0px||0px|false|true&#8220; locked=&#8220;off&#8220; global_colors_info=&#8220;{}&#8220;][\/et_pb_button][et_pb_text _builder_version=&#8220;4.21.0&#8243; background_size=&#8220;initial&#8220; background_position=&#8220;top_left&#8220; background_repeat=&#8220;repeat&#8220; custom_margin=&#8220;|||&#8220; hover_enabled=&#8220;0&#8243; use_border_color=&#8220;off&#8220; border_color=&#8220;#ffffff&#8220; border_style=&#8220;solid&#8220; saved_tabs=&#8220;all&#8220; global_colors_info=&#8220;{}&#8220; sticky_enabled=&#8220;0&#8243;]<\/p>\n<p><a href=\"https:\/\/evard-precision.ch\/wp-content\/uploads\/2023\/08\/evard-precision-230620-cp80-10-pdflight-all3.pdf\" target=\"_blank\" rel=\"noopener noreferrer\"><span style=\"color: #3484d9;\">CP-Typ Datenblatt und Zubeh\u00f6r<\/span><\/a><\/p>\n<p><a href=\"\/de\/evp-catalogue-de\/\"><span style=\"color: #3484d9;\">Hauptkatalog<\/span><\/a><\/p>\n<p><a href=\"\/de\/evp-preislist-chf\/\" target=\"_blank\" rel=\"noopener noreferrer\"><span style=\"color: #3484d9;\">Preisliste<\/span><\/a><\/p>\n<p>&nbsp;<\/p>\n<p>[\/et_pb_text][et_pb_blurb title=&#8220;Alle unsere Schraubstock&#8220; url=&#8220;\/de\/produkte\/&#8220; use_icon=&#8220;on&#8220; font_icon=&#8220;&#x23;||divi||400&#8243; icon_color=&#8220;#3484d9&#8243; icon_placement=&#8220;left&#8220; image_icon_width=&#8220;18px&#8220; admin_label=&#8220;retour tous nos produits&#8220; _builder_version=&#8220;4.16&#8243; header_font_size=&#8220;14&#8243; background_size=&#8220;initial&#8220; background_position=&#8220;top_left&#8220; background_repeat=&#8220;repeat&#8220; max_width_tablet=&#8220;50px&#8220; animation=&#8220;off&#8220; use_border_color=&#8220;off&#8220; icon_font_size=&#8220;18px&#8220; saved_tabs=&#8220;all&#8220; global_colors_info=&#8220;{}&#8220;][\/et_pb_blurb][\/et_pb_column][\/et_pb_row][\/et_pb_section][et_pb_section fb_built=&#8220;1&#8243; admin_label=&#8220;section&#8220; module_id=&#8220;section-cp&#8220; _builder_version=&#8220;4.17.4&#8243; custom_padding=&#8220;0px|0px|0px|0px&#8220; transparent_background=&#8220;off&#8220; global_colors_info=&#8220;{}&#8220;][et_pb_row column_structure=&#8220;1_2,1_2&#8243; use_custom_gutter=&#8220;on&#8220; admin_label=&#8220;row&#8220; _builder_version=&#8220;4.16&#8243; background_size=&#8220;initial&#8220; background_position=&#8220;top_left&#8220; background_repeat=&#8220;repeat&#8220; custom_padding=&#8220;70px|0px|62px|0px&#8220; global_colors_info=&#8220;{}&#8220;][et_pb_column type=&#8220;1_2&#8243; _builder_version=&#8220;4.16&#8243; custom_padding=&#8220;|||&#8220; global_colors_info=&#8220;{}&#8220; custom_padding__hover=&#8220;|||&#8220;][et_pb_image src=&#8220;https:\/\/evard-precision.ch\/wp-content\/uploads\/2023\/06\/cp80-SMALL.jpg&#8220; alt=&#8220;Mehrfachspannsystem 50 und 80&#8243; title_text=&#8220;cp80-SMALL&#8220; align=&#8220;center&#8220; align_tablet=&#8220;center&#8220; align_phone=&#8220;center&#8220; align_last_edited=&#8220;on|desktop&#8220; _builder_version=&#8220;4.21.0&#8243; animation=&#8220;off&#8220; sticky=&#8220;off&#8220; use_border_color=&#8220;off&#8220; border_color=&#8220;#ffffff&#8220; border_width=&#8220;1px&#8220; border_style=&#8220;solid&#8220; global_colors_info=&#8220;{}&#8220;][\/et_pb_image][\/et_pb_column][et_pb_column type=&#8220;1_2&#8243; _builder_version=&#8220;4.16&#8243; custom_padding=&#8220;|||&#8220; global_colors_info=&#8220;{}&#8220; custom_padding__hover=&#8220;|||&#8220;][et_pb_text _builder_version=&#8220;4.21.0&#8243; background_size=&#8220;initial&#8220; background_position=&#8220;top_left&#8220; background_repeat=&#8220;repeat&#8220; use_border_color=&#8220;off&#8220; global_colors_info=&#8220;{}&#8220;]<\/p>\n<h2><\/h2>\n<p><strong style=\"color: rgba(0, 0, 0, 0.360784); font-size: xx-large;\">CP 80-TYP<\/strong><\/p>\n<h3 class=\"p1\"><b>Pneumatischer Zentrumspanner<\/b><\/h3>\n<p class=\"p1\"><span class=\"s1\">Die Baureihe <\/span><strong><span style=\"color: #2e59a5;\">der pneumatischen Zentrumspanner<\/span><\/strong> <span class=\"s1\">wird <\/span>erweitert. Der brandneue <strong><span class=\"s2\" style=\"color: #2e59a5;\">CP 80 <\/span><\/strong>bietet alle Vorteile seines gro\u00dfen Bruders in <strong><span class=\"s2\" style=\"color: #2e59a5;\">einer kompakteren Version<\/span><\/strong>. Stets kraftvoll und <span style=\"color: #2e59a5;\"><strong><span class=\"s2\">pr\u00e4zise <\/span><\/strong><\/span>erreicht er eine <span style=\"color: #2e59a5;\"><strong><span class=\"s2\">Spannkraft von <\/span><span class=\"s2\">1000 Kg bei 6 bar<\/span><\/strong><\/span>. Die Zug\u00e4nglichkeit wurde optimiert und der Platzbedarf reduziert, um die Effizienz zu steigern.<\/p>\n<p class=\"p1\">Optimal fu\u0308r die Bearbeitung auf 5 Achs Maschinen ausgelegt, offenbart der <strong><span class=\"s2\" style=\"color: #2e59a5;\">CP 80 <\/span><\/strong>seinen hochwertigen <span class=\"s1\">und <\/span><span style=\"color: #2e59a5;\"><strong>anpassungsf\u00e4higen Charakter<\/strong><\/span> <span class=\"s1\">durch <\/span><span style=\"color: #2e59a5;\"><strong>eine selbstzentrierende pneumatische Innen- und Au\u00dfenspannung<\/strong><\/span><span class=\"s1\">, <\/span>welche die M\u00f6glichkeit bietet, <strong><span style=\"color: #2e59a5;\"><span class=\"s2\">auch exzentrisch <\/span>zu spannen<\/span><\/strong><span class=\"s1\">. Sein <\/span><span style=\"color: #2e59a5;\"><strong>gro\u00dfer Spannbereich<\/strong><\/span><span class=\"s1\">, seine <\/span><span style=\"color: #2e59a5;\"><strong>hervorragende Wiederholgenauigkeit<\/strong><\/span> <span class=\"s1\">und sein <\/span><span style=\"color: #2e59a5;\"><strong>intelligentes <span class=\"s2\">Design <\/span><\/strong><\/span>machen ihn zu einem zuverl\u00e4ssigen Spannmittel von der Schrupp- bis zur Schlichtbearbeitung.<\/p>\n<p>[\/et_pb_text][et_pb_text admin_label=&#8220;qualit\u00e9 Polymut&#8220; _builder_version=&#8220;4.21.0&#8243; text_font_size=&#8220;17px&#8220; text_line_height=&#8220;1.6em&#8220; background_size=&#8220;initial&#8220; background_position=&#8220;top_left&#8220; background_repeat=&#8220;repeat&#8220; custom_margin=&#8220;20px||50px||false|false&#8220; use_border_color=&#8220;off&#8220; global_colors_info=&#8220;{}&#8220;]<\/p>\n<ul>\n<li style=\"font-weight: 400;\">\n<p class=\"p1\">100% Swiss Made<\/p>\n<\/li>\n<li style=\"font-weight: 400;\">\n<p class=\"p1\">Grosser Spannbereich dank verstellbaren Backe<\/p>\n<\/li>\n<li style=\"font-weight: 400;\">\n<p class=\"p1\">Auf jeden Maschinentisch anpassbar<\/p>\n<\/li>\n<li style=\"font-weight: 400;\">\n<p class=\"p1\">Modulares Spannen<\/p>\n<\/li>\n<li style=\"font-weight: 400;\">\n<p class=\"p1\">Schnelles und einfaches Ru\u0308sten<\/p>\n<\/li>\n<li style=\"font-weight: 400;\">\n<p class=\"p1\">Hohe Spannkraft bis 1,7 Tonnen<\/p>\n<\/li>\n<\/ul>\n<p>[\/et_pb_text][et_pb_button button_url=&#8220;\/de\/spezielle-loesung\/&#8220; button_text=&#8220;Hier klicken f\u00fcr Kundenspezifische L\u00f6sungen&#8220; _builder_version=&#8220;4.16&#8243; _module_preset=&#8220;default&#8220; custom_button=&#8220;on&#8220; button_text_color=&#8220;#0C71C3&#8243; button_bg_color=&#8220;#FFFFFF&#8220; button_border_color=&#8220;#0C71C3&#8243; button_icon_color=&#8220;#0C71C3&#8243; custom_margin=&#8220;|0px||0px|false|true&#8220; locked=&#8220;off&#8220; global_colors_info=&#8220;{}&#8220;][\/et_pb_button][et_pb_text _builder_version=&#8220;4.21.0&#8243; background_size=&#8220;initial&#8220; background_position=&#8220;top_left&#8220; background_repeat=&#8220;repeat&#8220; custom_margin=&#8220;|||&#8220; use_border_color=&#8220;off&#8220; border_color=&#8220;#ffffff&#8220; border_style=&#8220;solid&#8220; saved_tabs=&#8220;all&#8220; global_colors_info=&#8220;{}&#8220;]<\/p>\n<p><a href=\"https:\/\/evard-precision.ch\/wp-content\/uploads\/2023\/06\/Type-CP80_2023_ALL.pdf\" target=\"_blank\" rel=\"noopener noreferrer\"><span style=\"color: #3484d9;\">CP 80 -Typ Datenblatt und Zubeh\u00f6r<\/span><\/a><\/p>\n<p><a href=\"\/de\/evp-catalogue-de\/\"><span style=\"color: #3484d9;\">Hauptkatalog<\/span><\/a><\/p>\n<p><a href=\"\/de\/evp-preislist-chf\/\" target=\"_blank\" rel=\"noopener noreferrer\"><span style=\"color: #3484d9;\">Preisliste<\/span><\/a><\/p>\n<p>&nbsp;<\/p>\n<p>[\/et_pb_text][et_pb_blurb title=&#8220;Alle unsere Schraubstock&#8220; url=&#8220;\/de\/produkte\/&#8220; use_icon=&#8220;on&#8220; font_icon=&#8220;&#x23;||divi||400&#8243; icon_color=&#8220;#3484d9&#8243; icon_placement=&#8220;left&#8220; image_icon_width=&#8220;18px&#8220; admin_label=&#8220;retour tous nos produits&#8220; _builder_version=&#8220;4.16&#8243; header_font_size=&#8220;14&#8243; background_size=&#8220;initial&#8220; background_position=&#8220;top_left&#8220; background_repeat=&#8220;repeat&#8220; max_width_tablet=&#8220;50px&#8220; animation=&#8220;off&#8220; use_border_color=&#8220;off&#8220; icon_font_size=&#8220;18px&#8220; saved_tabs=&#8220;all&#8220; global_colors_info=&#8220;{}&#8220;][\/et_pb_blurb][\/et_pb_column][\/et_pb_row][\/et_pb_section][et_pb_section fb_built=&#8220;1&#8243; fullwidth=&#8220;on&#8220; _builder_version=&#8220;4.16&#8243; custom_padding=&#8220;0px|0px|0px|0px&#8220; transparent_background=&#8220;off&#8220; global_colors_info=&#8220;{}&#8220;][et_pb_fullwidth_image src=&#8220;https:\/\/evard-precision.ch\/wp-content\/uploads\/2022\/03\/type-cp-img.jpg&#8220; alt=&#8220;Polymut &#8211; usinage serrage multiple&#8220; title_text=&#8220;type-cp-img&#8220; _builder_version=&#8220;4.16&#8243; animation=&#8220;off&#8220; use_border_color=&#8220;off&#8220; border_color=&#8220;#ffffff&#8220; border_width=&#8220;1px&#8220; border_style=&#8220;solid&#8220; global_colors_info=&#8220;{}&#8220;][\/et_pb_fullwidth_image][\/et_pb_section]<\/p>\n","protected":false},"excerpt":{"rendered":"<p>CP-TYP Pneumatischer Zentrumspanner Erste Baugr\u00f6\u00dfe einer neuen Serie immer effizienter werdender Schraubst\u00f6cke, besticht der pneumatische Zentrumspanner CP 130 durch seinen modularen Charakter. Fu\u0308r eine optimale Zug\u00e4nglichkeit, bietet er zus\u00e4tzlich zum zentrischen innen und au\u00dfen Spannen, die M\u00f6glichkeit exzentrisch zu Arbeiten. Entwickelt um die Bearbeitungsm\u00f6glichkeiten, insbesondere auf 5 Achs Maschinen zu erh\u00f6hen, kombiniert der CP 130 [&hellip;]<\/p>\n","protected":false},"author":4,"featured_media":0,"parent":0,"menu_order":0,"comment_status":"closed","ping_status":"closed","template":"","meta":{"_et_pb_use_builder":"on","_et_pb_old_content":"","_et_gb_content_width":"","_exactmetrics_skip_tracking":false,"_exactmetrics_sitenote_active":false,"_exactmetrics_sitenote_note":"","_exactmetrics_sitenote_category":0,"footnotes":""},"class_list":["post-5533","page","type-page","status-publish","hentry"],"_links":{"self":[{"href":"https:\/\/evard-precision.ch\/de\/wp-json\/wp\/v2\/pages\/5533","targetHints":{"allow":["GET"]}}],"collection":[{"href":"https:\/\/evard-precision.ch\/de\/wp-json\/wp\/v2\/pages"}],"about":[{"href":"https:\/\/evard-precision.ch\/de\/wp-json\/wp\/v2\/types\/page"}],"author":[{"embeddable":true,"href":"https:\/\/evard-precision.ch\/de\/wp-json\/wp\/v2\/users\/4"}],"replies":[{"embeddable":true,"href":"https:\/\/evard-precision.ch\/de\/wp-json\/wp\/v2\/comments?post=5533"}],"version-history":[{"count":25,"href":"https:\/\/evard-precision.ch\/de\/wp-json\/wp\/v2\/pages\/5533\/revisions"}],"predecessor-version":[{"id":6561,"href":"https:\/\/evard-precision.ch\/de\/wp-json\/wp\/v2\/pages\/5533\/revisions\/6561"}],"wp:attachment":[{"href":"https:\/\/evard-precision.ch\/de\/wp-json\/wp\/v2\/media?parent=5533"}],"curies":[{"name":"wp","href":"https:\/\/api.w.org\/{rel}","templated":true}]}}